{"id":1005,"date":"2023-05-19T11:42:26","date_gmt":"2023-05-19T11:42:26","guid":{"rendered":"https:\/\/chopinperfumes.com\/?page_id=1005"},"modified":"2023-05-23T10:02:33","modified_gmt":"2023-05-23T10:02:33","slug":"terms-conditions","status":"publish","type":"page","link":"https:\/\/chopinperfumes.com\/en\/terms-conditions\/","title":{"rendered":"Terms &amp; Conditions"},"content":{"rendered":"<p>[et_pb_section fb_built=&#8221;1&#8243; _builder_version=&#8221;4.21.0&#8243; _module_preset=&#8221;default&#8221; custom_padding=&#8221;60px|||||&#8221; global_colors_info=&#8221;{}&#8221;][et_pb_row _builder_version=&#8221;4.21.0&#8243; _module_preset=&#8221;default&#8221; width=&#8221;50%&#8221; global_colors_info=&#8221;{}&#8221;][et_pb_column type=&#8221;4_4&#8243; _builder_version=&#8221;4.21.0&#8243; _module_preset=&#8221;default&#8221; global_colors_info=&#8221;{}&#8221;][et_pb_text _builder_version=&#8221;4.21.0&#8243; _module_preset=&#8221;default&#8221; width=&#8221;100%&#8221; custom_padding=&#8221;5px|||||&#8221; animation_direction=&#8221;bottom&#8221; hover_enabled=&#8221;0&#8243; global_colors_info=&#8221;{}&#8221; sticky_enabled=&#8221;0&#8243;]<\/p>\n<h2>terms and conditions<\/h2>\n<p>[\/et_pb_text][et_pb_text _builder_version=&#8221;4.21.0&#8243; _module_preset=&#8221;default&#8221; width=&#8221;100%&#8221; animation_style=&#8221;slide&#8221; animation_direction=&#8221;bottom&#8221; animation_duration=&#8221;1500ms&#8221; hover_enabled=&#8221;0&#8243; global_colors_info=&#8221;{}&#8221; sticky_enabled=&#8221;0&#8243;]<\/p>\n<h2>ARTICLE 1 GENERAL PROVISIONS<\/h2>\n<p>[\/et_pb_text][et_pb_text _builder_version=&#8221;4.21.0&#8243; _module_preset=&#8221;default&#8221; width=&#8221;100%&#8221; animation_style=&#8221;slide&#8221; animation_direction=&#8221;bottom&#8221; animation_duration=&#8221;1500ms&#8221; global_colors_info=&#8221;{}&#8221;]<\/p>\n<p>1. The www.chopinperfumes.com website is operated by Miraculum S.A. with its registered office in Warsaw, Al. Jerozolimskie 184b, 02-486 Warsaw, entered into the Register of Entrepreneurs kept by the District Court for the Capital City of Warsaw &#8211; XIII Commercial Division of the National Court Register under KRS No. 0000034099, with a share capital of PLN 38,000,000.00, NIP 726 23 92 016, REGON 472905994.<\/p>\n<p>2. The entity providing electronic services is Miraculum S.A., based in Warsaw.<\/p>\n<p>3. the User within the meaning of Article 2 of the Regulations shall be the Customer using the electronically supplied services.<\/p>\n<p>&nbsp;<\/p>\n<p>[\/et_pb_text][et_pb_text _builder_version=&#8221;4.21.0&#8243; _module_preset=&#8221;default&#8221; width=&#8221;100%&#8221; custom_padding=&#8221;0px|||||&#8221; animation_style=&#8221;slide&#8221; animation_direction=&#8221;bottom&#8221; animation_duration=&#8221;1500ms&#8221; hover_enabled=&#8221;0&#8243; global_colors_info=&#8221;{}&#8221; sticky_enabled=&#8221;0&#8243;]<\/p>\n<h2>ARTICLE 2 GLOSSARY<\/h2>\n<p>[\/et_pb_text][et_pb_text _builder_version=&#8221;4.21.0&#8243; _module_preset=&#8221;default&#8221; width=&#8221;100%&#8221; animation_style=&#8221;slide&#8221; animation_direction=&#8221;bottom&#8221; animation_duration=&#8221;1500ms&#8221; global_colors_info=&#8221;{}&#8221;]<\/p>\n<p>Miraculum &#8211; means Miraculum Sp\u00f3\u0142ka Akcyjna, a joint-stock company with its registered office in Warsaw, (02-486), at 184b Jerozolimskie Avenue, entered into the Register of Entrepreneurs kept by the District Court for the Capital City of Warsaw in Warsaw, 12th Commercial Department of the National Court Register under KRS No. 0000034099, NIP 7262392016, REGON 472905994;<\/p>\n<p>Personal Data Processing Policy &#8211; means the document defining the purposes and principles of the processing of personal data of the User, available on the website of the Chopin Internet Store;<\/p>\n<p>Product &#8211; any product of the Chopin brand visible on the Website;<\/p>\n<p>Rules and Regulations &#8211; these Rules and Regulations for the use of the Site;<\/p>\n<p>Service &#8211; the website at www.chopinperfumes.com;<\/p>\n<p>User &#8211; a natural person, legal person or organisational unit without legal personality, who uses the electronic services available on the Site.<\/p>\n<p>&nbsp;<\/p>\n<p>[\/et_pb_text][et_pb_text _builder_version=&#8221;4.21.0&#8243; _module_preset=&#8221;default&#8221; animation_style=&#8221;slide&#8221; animation_direction=&#8221;bottom&#8221; animation_duration=&#8221;1500ms&#8221; hover_enabled=&#8221;0&#8243; global_colors_info=&#8221;{}&#8221; sticky_enabled=&#8221;0&#8243;]<\/p>\n<h2>ARTICLE 3 CONTACT WITH MIRACULUM<\/h2>\n<p>[\/et_pb_text][et_pb_text _builder_version=&#8221;4.21.0&#8243; _module_preset=&#8221;default&#8221; animation_style=&#8221;slide&#8221; animation_direction=&#8221;bottom&#8221; animation_duration=&#8221;1500ms&#8221; hover_enabled=&#8221;0&#8243; global_colors_info=&#8221;{}&#8221; sticky_enabled=&#8221;0&#8243;]<\/p>\n<p>In addition to standard postal communication, the Customer may contact Miraculum at telephone number +48 22 205-06- 00 or via e-mail at: chopin@miraculum.pl.<\/p>\n<p>[\/et_pb_text][et_pb_text _builder_version=&#8221;4.21.0&#8243; _module_preset=&#8221;default&#8221; animation_style=&#8221;slide&#8221; animation_direction=&#8221;bottom&#8221; animation_duration=&#8221;1500ms&#8221; hover_enabled=&#8221;0&#8243; global_colors_info=&#8221;{}&#8221; sticky_enabled=&#8221;0&#8243;]<\/p>\n<h2>ARTICLE 4 COPYRIGHT AND OTHER RIGHTS<\/h2>\n<p>[\/et_pb_text][et_pb_text _builder_version=&#8221;4.21.0&#8243; _module_preset=&#8221;default&#8221; animation_style=&#8221;slide&#8221; animation_direction=&#8221;bottom&#8221; animation_duration=&#8221;1500ms&#8221; hover_enabled=&#8221;0&#8243; global_colors_info=&#8221;{}&#8221; sticky_enabled=&#8221;0&#8243;]<\/p>\n<p>Miraculum shall be entitled to all rights in the Website, including the proprietary copyrights in the layout of the Website or its elements, the rights to the trademarks placed on the Products and the right to use the Website&#8217;s Internet domain.<\/p>\n<p>[\/et_pb_text][et_pb_text _builder_version=&#8221;4.21.0&#8243; _module_preset=&#8221;default&#8221; animation_style=&#8221;slide&#8221; animation_direction=&#8221;bottom&#8221; animation_duration=&#8221;1500ms&#8221; hover_enabled=&#8221;0&#8243; global_colors_info=&#8221;{}&#8221; sticky_enabled=&#8221;0&#8243;]<\/p>\n<h2>ARTICLE 5 USER-PROVIDED CONTENT<\/h2>\n<p>[\/et_pb_text][et_pb_text _builder_version=&#8221;4.21.0&#8243; _module_preset=&#8221;default&#8221; animation_style=&#8221;slide&#8221; animation_direction=&#8221;bottom&#8221; animation_duration=&#8221;1500ms&#8221; global_colors_info=&#8221;{}&#8221;]<\/p>\n<p>1. Klient nie mo\u017ce dostarcza\u0107 \u017cadnych tre\u015bci niezgodnych z prawem, co obejmuje w szczeg\u00f3lno\u015bci fakt, \u017ce Klient nie mo\u017ce korzysta\u0107 z Witryny z naruszeniem jakichkolwiek obowi\u0105zuj\u0105cych przepis\u00f3w prawa lub niniejszego Regulaminu lub w spos\u00f3b sprzeczny z moralno\u015bci\u0105 publiczn\u0105 lub z naruszeniem jakichkolwiek praw os\u00f3b trzecich.<\/p>\n<p>2. Miraculum shall be entitled to remove any content posted by the User in connection with the performance of the contract which is unlawful or which it reasonably suspects to be unlawful.<\/p>\n<p>[\/et_pb_text][et_pb_text _builder_version=&#8221;4.21.0&#8243; _module_preset=&#8221;default&#8221; custom_padding=&#8221;1px|||||&#8221; animation_style=&#8221;slide&#8221; animation_direction=&#8221;bottom&#8221; animation_duration=&#8221;1500ms&#8221; hover_enabled=&#8221;0&#8243; global_colors_info=&#8221;{}&#8221; sticky_enabled=&#8221;0&#8243;]<\/p>\n<h2>ARTICLE 6 FINAL PROVISIONS<\/h2>\n<p>[\/et_pb_text][et_pb_text _builder_version=&#8221;4.21.0&#8243; _module_preset=&#8221;default&#8221; animation_style=&#8221;slide&#8221; animation_direction=&#8221;bottom&#8221; animation_duration=&#8221;1500ms&#8221; global_colors_info=&#8221;{}&#8221;]<\/p>\n<p>1. The provisions of Polish law, in particular the Civil Code and, in the case of Customers who are Consumers, also the Consumer Rights Act (Journal of Laws 2017.683 of 30 March 2017) shall apply to matters not covered by these Regulations<\/p>\n<p>2. The choice of law referred to in Article 17(1) above shall not deprive a foreign Consumer residing in the territory of the European Union of the protection to which such Consumer is entitled under provisions that cannot be excluded in the contract by virtue of the law which, pursuant to Article 6(1) of Regulation (EU) No 593\/2008 of the European Parliament and of the Council of 17 June 2008 on the law applicable to contractual obligations (Rome I), would apply if no choice of law were made.<\/p>\n<p>3. These Conditions shall enter into force on 23 May 2023.<\/p>\n<p>&nbsp;<\/p>\n<p>[\/et_pb_text][\/et_pb_column][\/et_pb_row][\/et_pb_section]<\/p>\n","protected":false},"excerpt":{"rendered":"<p>terms and conditionsARTICLE 1 GENERAL PROVISIONS1. The www.chopinperfumes.com website is operated by Miraculum S.A. with its registered office in Warsaw, Al. Jerozolimskie 184b, 02-486 Warsaw, entered into the Register of Entrepreneurs kept by the District Court for the Capital City of Warsaw &#8211; XIII Commercial Division of the National Court Register under KRS No. 0000034099, [&hellip;]<\/p>\n","protected":false},"author":2,"featured_media":0,"parent":0,"menu_order":0,"comment_status":"closed","ping_status":"closed","template":"","meta":{"_acf_changed":false,"_et_pb_use_builder":"on","_et_pb_old_content":"","_et_gb_content_width":"","inline_featured_image":false,"footnotes":""},"class_list":["post-1005","page","type-page","status-publish","hentry"],"acf":[],"yoast_head":"<!-- This site is optimized with the Yoast SEO plugin v26.0 - https:\/\/yoast.com\/wordpress\/plugins\/seo\/ -->\n<title>Terms &amp; Conditions - Chopin<\/title>\n<meta name=\"robots\" content=\"index, follow, max-snippet:-1, max-image-preview:large, max-video-preview:-1\" \/>\n<link rel=\"canonical\" href=\"https:\/\/chopinperfumes.com\/en\/terms-conditions\/\" \/>\n<meta property=\"og:locale\" content=\"en_US\" \/>\n<meta property=\"og:type\" content=\"article\" \/>\n<meta property=\"og:title\" content=\"Terms &amp; Conditions - Chopin\" \/>\n<meta property=\"og:description\" content=\"terms and conditionsARTICLE 1 GENERAL PROVISIONS1. The www.chopinperfumes.com website is operated by Miraculum S.A. with its registered office in Warsaw, Al. Jerozolimskie 184b, 02-486 Warsaw, entered into the Register of Entrepreneurs kept by the District Court for the Capital City of Warsaw - XIII Commercial Division of the National Court Register under KRS No. 0000034099, [&hellip;]\" \/>\n<meta property=\"og:url\" content=\"https:\/\/chopinperfumes.com\/en\/terms-conditions\/\" \/>\n<meta property=\"og:site_name\" content=\"Chopin\" \/>\n<meta property=\"article:modified_time\" content=\"2023-05-23T10:02:33+00:00\" \/>\n<meta name=\"twitter:card\" content=\"summary_large_image\" \/>\n<meta name=\"twitter:label1\" content=\"Est. reading time\" \/>\n\t<meta name=\"twitter:data1\" content=\"5 minutes\" \/>\n<script type=\"application\/ld+json\" class=\"yoast-schema-graph\">{\"@context\":\"https:\/\/schema.org\",\"@graph\":[{\"@type\":\"WebPage\",\"@id\":\"https:\/\/chopinperfumes.com\/en\/terms-conditions\/\",\"url\":\"https:\/\/chopinperfumes.com\/en\/terms-conditions\/\",\"name\":\"Terms &amp; Conditions - Chopin\",\"isPartOf\":{\"@id\":\"https:\/\/chopinperfumes.com\/ru\/#website\"},\"datePublished\":\"2023-05-19T11:42:26+00:00\",\"dateModified\":\"2023-05-23T10:02:33+00:00\",\"breadcrumb\":{\"@id\":\"https:\/\/chopinperfumes.com\/en\/terms-conditions\/#breadcrumb\"},\"inLanguage\":\"en-US\",\"potentialAction\":[{\"@type\":\"ReadAction\",\"target\":[\"https:\/\/chopinperfumes.com\/en\/terms-conditions\/\"]}]},{\"@type\":\"BreadcrumbList\",\"@id\":\"https:\/\/chopinperfumes.com\/en\/terms-conditions\/#breadcrumb\",\"itemListElement\":[{\"@type\":\"ListItem\",\"position\":1,\"name\":\"Strona g\u0142\u00f3wna\",\"item\":\"https:\/\/chopinperfumes.com\/\"},{\"@type\":\"ListItem\",\"position\":2,\"name\":\"Terms &amp; Conditions\"}]},{\"@type\":\"WebSite\",\"@id\":\"https:\/\/chopinperfumes.com\/ru\/#website\",\"url\":\"https:\/\/chopinperfumes.com\/ru\/\",\"name\":\"Chopin\",\"description\":\"perfumy\",\"publisher\":{\"@id\":\"https:\/\/chopinperfumes.com\/ru\/#organization\"},\"potentialAction\":[{\"@type\":\"SearchAction\",\"target\":{\"@type\":\"EntryPoint\",\"urlTemplate\":\"https:\/\/chopinperfumes.com\/ru\/?s={search_term_string}\"},\"query-input\":{\"@type\":\"PropertyValueSpecification\",\"valueRequired\":true,\"valueName\":\"search_term_string\"}}],\"inLanguage\":\"en-US\"},{\"@type\":\"Organization\",\"@id\":\"https:\/\/chopinperfumes.com\/ru\/#organization\",\"name\":\"Chopin\",\"url\":\"https:\/\/chopinperfumes.com\/ru\/\",\"logo\":{\"@type\":\"ImageObject\",\"inLanguage\":\"en-US\",\"@id\":\"https:\/\/chopinperfumes.com\/ru\/#\/schema\/logo\/image\/\",\"url\":\"https:\/\/chopinperfumes.com\/wp-content\/uploads\/2023\/05\/Chopin_logo.png\",\"contentUrl\":\"https:\/\/chopinperfumes.com\/wp-content\/uploads\/2023\/05\/Chopin_logo.png\",\"width\":148,\"height\":45,\"caption\":\"Chopin\"},\"image\":{\"@id\":\"https:\/\/chopinperfumes.com\/ru\/#\/schema\/logo\/image\/\"}}]}<\/script>\n<!-- \/ Yoast SEO plugin. -->","yoast_head_json":{"title":"Terms &amp; Conditions - Chopin","robots":{"index":"index","follow":"follow","max-snippet":"max-snippet:-1","max-image-preview":"max-image-preview:large","max-video-preview":"max-video-preview:-1"},"canonical":"https:\/\/chopinperfumes.com\/en\/terms-conditions\/","og_locale":"en_US","og_type":"article","og_title":"Terms &amp; Conditions - Chopin","og_description":"terms and conditionsARTICLE 1 GENERAL PROVISIONS1. The www.chopinperfumes.com website is operated by Miraculum S.A. with its registered office in Warsaw, Al. Jerozolimskie 184b, 02-486 Warsaw, entered into the Register of Entrepreneurs kept by the District Court for the Capital City of Warsaw - XIII Commercial Division of the National Court Register under KRS No. 0000034099, [&hellip;]","og_url":"https:\/\/chopinperfumes.com\/en\/terms-conditions\/","og_site_name":"Chopin","article_modified_time":"2023-05-23T10:02:33+00:00","twitter_card":"summary_large_image","twitter_misc":{"Est. reading time":"5 minutes"},"schema":{"@context":"https:\/\/schema.org","@graph":[{"@type":"WebPage","@id":"https:\/\/chopinperfumes.com\/en\/terms-conditions\/","url":"https:\/\/chopinperfumes.com\/en\/terms-conditions\/","name":"Terms &amp; Conditions - Chopin","isPartOf":{"@id":"https:\/\/chopinperfumes.com\/ru\/#website"},"datePublished":"2023-05-19T11:42:26+00:00","dateModified":"2023-05-23T10:02:33+00:00","breadcrumb":{"@id":"https:\/\/chopinperfumes.com\/en\/terms-conditions\/#breadcrumb"},"inLanguage":"en-US","potentialAction":[{"@type":"ReadAction","target":["https:\/\/chopinperfumes.com\/en\/terms-conditions\/"]}]},{"@type":"BreadcrumbList","@id":"https:\/\/chopinperfumes.com\/en\/terms-conditions\/#breadcrumb","itemListElement":[{"@type":"ListItem","position":1,"name":"Strona g\u0142\u00f3wna","item":"https:\/\/chopinperfumes.com\/"},{"@type":"ListItem","position":2,"name":"Terms &amp; Conditions"}]},{"@type":"WebSite","@id":"https:\/\/chopinperfumes.com\/ru\/#website","url":"https:\/\/chopinperfumes.com\/ru\/","name":"Chopin","description":"perfumy","publisher":{"@id":"https:\/\/chopinperfumes.com\/ru\/#organization"},"potentialAction":[{"@type":"SearchAction","target":{"@type":"EntryPoint","urlTemplate":"https:\/\/chopinperfumes.com\/ru\/?s={search_term_string}"},"query-input":{"@type":"PropertyValueSpecification","valueRequired":true,"valueName":"search_term_string"}}],"inLanguage":"en-US"},{"@type":"Organization","@id":"https:\/\/chopinperfumes.com\/ru\/#organization","name":"Chopin","url":"https:\/\/chopinperfumes.com\/ru\/","logo":{"@type":"ImageObject","inLanguage":"en-US","@id":"https:\/\/chopinperfumes.com\/ru\/#\/schema\/logo\/image\/","url":"https:\/\/chopinperfumes.com\/wp-content\/uploads\/2023\/05\/Chopin_logo.png","contentUrl":"https:\/\/chopinperfumes.com\/wp-content\/uploads\/2023\/05\/Chopin_logo.png","width":148,"height":45,"caption":"Chopin"},"image":{"@id":"https:\/\/chopinperfumes.com\/ru\/#\/schema\/logo\/image\/"}}]}},"_links":{"self":[{"href":"https:\/\/chopinperfumes.com\/en\/wp-json\/wp\/v2\/pages\/1005","targetHints":{"allow":["GET"]}}],"collection":[{"href":"https:\/\/chopinperfumes.com\/en\/wp-json\/wp\/v2\/pages"}],"about":[{"href":"https:\/\/chopinperfumes.com\/en\/wp-json\/wp\/v2\/types\/page"}],"author":[{"embeddable":true,"href":"https:\/\/chopinperfumes.com\/en\/wp-json\/wp\/v2\/users\/2"}],"replies":[{"embeddable":true,"href":"https:\/\/chopinperfumes.com\/en\/wp-json\/wp\/v2\/comments?post=1005"}],"version-history":[{"count":11,"href":"https:\/\/chopinperfumes.com\/en\/wp-json\/wp\/v2\/pages\/1005\/revisions"}],"predecessor-version":[{"id":1379,"href":"https:\/\/chopinperfumes.com\/en\/wp-json\/wp\/v2\/pages\/1005\/revisions\/1379"}],"wp:attachment":[{"href":"https:\/\/chopinperfumes.com\/en\/wp-json\/wp\/v2\/media?parent=1005"}],"curies":[{"name":"wp","href":"https:\/\/api.w.org\/{rel}","templated":true}]}}